{"id":17544,"date":"2024-11-28T21:43:02","date_gmt":"2024-11-28T21:43:02","guid":{"rendered":"https:\/\/www.terceirapessoa.pt\/?post_type=product&#038;p=17544"},"modified":"2024-11-28T21:46:23","modified_gmt":"2024-11-28T21:46:23","slug":"anatomia-do-fazer-copia","status":"publish","type":"product","link":"https:\/\/www.terceirapessoa.pt\/en\/product\/anatomia-do-fazer-copia\/","title":{"rendered":"ANATOMIA DO FAZER (C\u00f3pia)"},"content":{"rendered":"<h5>ANATOMIA DO FAZER<\/h5>\n","protected":false},"excerpt":{"rendered":"<h5>ANATOMIA DO FAZER<\/h5>\n<p>Se deseja adquirir este artigo por favor envie-nos um e-mail para:<\/p>\n<p><a class=\"contacto-loja\" href=\"mailto:terceirapessoa2012@gmail.com\">terceirapessoa2012@gmail.com<\/a><\/p>\n<p>Ou contacte-nos atrav\u00e9s do n\u00famero telef\u00f3nico:<\/p>\n<p>+351\u00a0928 113 326<\/p>\n","protected":false},"featured_media":17572,"comment_status":"open","ping_status":"closed","template":"","meta":[],"product_brand":[],"product_cat":[132],"product_tag":[],"class_list":{"0":"post-17544","1":"product","2":"type-product","3":"status-publish","4":"has-post-thumbnail","6":"product_cat-uncategorized-en","8":"first","9":"outofstock","10":"shipping-taxable","11":"product-type-simple"},"_links":{"self":[{"href":"https:\/\/www.terceirapessoa.pt\/en\/wp-json\/wp\/v2\/product\/17544","targetHints":{"allow":["GET"]}}],"collection":[{"href":"https:\/\/www.terceirapessoa.pt\/en\/wp-json\/wp\/v2\/product"}],"about":[{"href":"https:\/\/www.terceirapessoa.pt\/en\/wp-json\/wp\/v2\/types\/product"}],"replies":[{"embeddable":true,"href":"https:\/\/www.terceirapessoa.pt\/en\/wp-json\/wp\/v2\/comments?post=17544"}],"wp:featuredmedia":[{"embeddable":true,"href":"https:\/\/www.terceirapessoa.pt\/en\/wp-json\/wp\/v2\/media\/17572"}],"wp:attachment":[{"href":"https:\/\/www.terceirapessoa.pt\/en\/wp-json\/wp\/v2\/media?parent=17544"}],"wp:term":[{"taxonomy":"product_brand","embeddable":true,"href":"https:\/\/www.terceirapessoa.pt\/en\/wp-json\/wp\/v2\/product_brand?post=17544"},{"taxonomy":"product_cat","embeddable":true,"href":"https:\/\/www.terceirapessoa.pt\/en\/wp-json\/wp\/v2\/product_cat?post=17544"},{"taxonomy":"product_tag","embeddable":true,"href":"https:\/\/www.terceirapessoa.pt\/en\/wp-json\/wp\/v2\/product_tag?post=17544"}],"curies":[{"name":"wp","href":"https:\/\/api.w.org\/{rel}","templated":true}]}}