{"id":17321,"date":"2024-02-20T20:00:51","date_gmt":"2024-02-20T20:00:51","guid":{"rendered":"https:\/\/beta.terceirapessoa.pt\/product\/all-it-takes-is-for-a-bird-to-fly\/"},"modified":"2024-11-04T23:09:43","modified_gmt":"2024-11-04T23:09:43","slug":"basta-que-um-passaro-voe","status":"publish","type":"product","link":"https:\/\/www.terceirapessoa.pt\/en\/product\/basta-que-um-passaro-voe\/","title":{"rendered":"BASTA QUE UM P\u00c1SSARO VOE"},"content":{"rendered":"<p><strong>FOTOGRAFIA DE RUI DIAS MONTEIRO\u00a0\/ ENSAIO DE V\u00cdTOR FERREIRA<br \/>\n64 P\u00c1GINAS | CORES<br \/>\n147 X 210 MM<br \/>\nCAPA MOLE<br \/>\nTERCEIRA PESSOA, 2020<\/strong><\/p>\n","protected":false},"excerpt":{"rendered":"<p><strong>FOTOGRAFIA DE RUI DIAS MONTEIRO\u00a0\/ ENSAIO DE V\u00cdTOR FERREIRA<br \/>\n<\/strong><\/p>\n<p>Se deseja adquirir este artigo por favor envie-nos um e-mail para:<\/p>\n<p><a class=\"contacto-loja\" href=\"mailto:terceirapessoa2012@gmail.com\">terceirapessoa2012@gmail.com<\/a><\/p>\n<p>Ou contacte-nos atrav\u00e9s do n\u00famero telef\u00f3nico:<\/p>\n<p>+351\u00a0928 113 326<\/p>\n<p><strong>\u00a0<\/strong><\/p>\n","protected":false},"featured_media":16608,"comment_status":"open","ping_status":"closed","template":"","meta":[],"product_brand":[],"product_cat":[133],"product_tag":[],"class_list":{"0":"post-17321","1":"product","2":"type-product","3":"status-publish","4":"has-post-thumbnail","6":"product_cat-books-en","8":"first","9":"outofstock","10":"shipping-taxable","11":"product-type-simple"},"_links":{"self":[{"href":"https:\/\/www.terceirapessoa.pt\/en\/wp-json\/wp\/v2\/product\/17321","targetHints":{"allow":["GET"]}}],"collection":[{"href":"https:\/\/www.terceirapessoa.pt\/en\/wp-json\/wp\/v2\/product"}],"about":[{"href":"https:\/\/www.terceirapessoa.pt\/en\/wp-json\/wp\/v2\/types\/product"}],"replies":[{"embeddable":true,"href":"https:\/\/www.terceirapessoa.pt\/en\/wp-json\/wp\/v2\/comments?post=17321"}],"wp:featuredmedia":[{"embeddable":true,"href":"https:\/\/www.terceirapessoa.pt\/en\/wp-json\/wp\/v2\/media\/16608"}],"wp:attachment":[{"href":"https:\/\/www.terceirapessoa.pt\/en\/wp-json\/wp\/v2\/media?parent=17321"}],"wp:term":[{"taxonomy":"product_brand","embeddable":true,"href":"https:\/\/www.terceirapessoa.pt\/en\/wp-json\/wp\/v2\/product_brand?post=17321"},{"taxonomy":"product_cat","embeddable":true,"href":"https:\/\/www.terceirapessoa.pt\/en\/wp-json\/wp\/v2\/product_cat?post=17321"},{"taxonomy":"product_tag","embeddable":true,"href":"https:\/\/www.terceirapessoa.pt\/en\/wp-json\/wp\/v2\/product_tag?post=17321"}],"curies":[{"name":"wp","href":"https:\/\/api.w.org\/{rel}","templated":true}]}}