{"id":17319,"date":"2024-02-20T20:09:30","date_gmt":"2024-02-20T20:09:30","guid":{"rendered":"https:\/\/beta.terceirapessoa.pt\/product\/in-the-imprecise-vision-of-the-wind\/"},"modified":"2024-11-04T23:09:11","modified_gmt":"2024-11-04T23:09:11","slug":"na-imprecisa-visao-do-vento","status":"publish","type":"product","link":"https:\/\/www.terceirapessoa.pt\/en\/product\/na-imprecisa-visao-do-vento\/","title":{"rendered":"NA IMPRECISA VIS\u00c3O DO VENTO"},"content":{"rendered":"<p><strong>IMAGEM DE SUSANA PAIVA\u00a0 \/ ENSAIO DE DIOGO MARTINS<br \/>\n64 P\u00c1GINAS | CORES<br \/>\n147 X 210 MM<br \/>\nCAPA MOLE<br \/>\nTERCEIRA PESSOA, 2020<\/strong><\/p>\n","protected":false},"excerpt":{"rendered":"<p><strong>IMAGEM DE SUSANA PAIVA\u00a0 \/ ENSAIO DE DIOGO MARTINS<\/strong><\/p>\n<p>Se deseja adquirir este artigo por favor envie-nos um e-mail para:<\/p>\n<p><a class=\"contacto-loja\" href=\"mailto:terceirapessoa2012@gmail.com\">terceirapessoa2012@gmail.com<\/a><\/p>\n<p>Ou contacte-nos atrav\u00e9s do n\u00famero telef\u00f3nico:<\/p>\n<p>+351\u00a0928 113 326<\/p>\n","protected":false},"featured_media":16617,"comment_status":"open","ping_status":"closed","template":"","meta":[],"product_brand":[],"product_cat":[133],"product_tag":[],"class_list":{"0":"post-17319","1":"product","2":"type-product","3":"status-publish","4":"has-post-thumbnail","6":"product_cat-books-en","8":"first","9":"instock","10":"shipping-taxable","11":"product-type-simple"},"_links":{"self":[{"href":"https:\/\/www.terceirapessoa.pt\/en\/wp-json\/wp\/v2\/product\/17319","targetHints":{"allow":["GET"]}}],"collection":[{"href":"https:\/\/www.terceirapessoa.pt\/en\/wp-json\/wp\/v2\/product"}],"about":[{"href":"https:\/\/www.terceirapessoa.pt\/en\/wp-json\/wp\/v2\/types\/product"}],"replies":[{"embeddable":true,"href":"https:\/\/www.terceirapessoa.pt\/en\/wp-json\/wp\/v2\/comments?post=17319"}],"wp:featuredmedia":[{"embeddable":true,"href":"https:\/\/www.terceirapessoa.pt\/en\/wp-json\/wp\/v2\/media\/16617"}],"wp:attachment":[{"href":"https:\/\/www.terceirapessoa.pt\/en\/wp-json\/wp\/v2\/media?parent=17319"}],"wp:term":[{"taxonomy":"product_brand","embeddable":true,"href":"https:\/\/www.terceirapessoa.pt\/en\/wp-json\/wp\/v2\/product_brand?post=17319"},{"taxonomy":"product_cat","embeddable":true,"href":"https:\/\/www.terceirapessoa.pt\/en\/wp-json\/wp\/v2\/product_cat?post=17319"},{"taxonomy":"product_tag","embeddable":true,"href":"https:\/\/www.terceirapessoa.pt\/en\/wp-json\/wp\/v2\/product_tag?post=17319"}],"curies":[{"name":"wp","href":"https:\/\/api.w.org\/{rel}","templated":true}]}}