{"id":17317,"date":"2024-02-20T20:12:13","date_gmt":"2024-02-20T20:12:13","guid":{"rendered":"https:\/\/beta.terceirapessoa.pt\/product\/collection-trail-margin-flash\/"},"modified":"2024-11-04T23:33:21","modified_gmt":"2024-11-04T23:33:21","slug":"colecao-rastromargemclarao","status":"publish","type":"product","link":"https:\/\/www.terceirapessoa.pt\/en\/product\/colecao-rastromargemclarao\/","title":{"rendered":"COLE\u00c7\u00c3O | RASTRO, MARGEM, CLAR\u00c3O"},"content":{"rendered":"<h6><strong>BASTA QUE UM P\u00c1SSARO VOE<br \/>\nFOTOGRAFIA DE RUI DIAS MONTEIRO\u00a0\/ ENSAIO DE V\u00cdTOR FERREIRA<br \/>\n64 P\u00c1GINAS | CORES<br \/>\n147 X 210 MM<br \/>\nCAPA MOLE<br \/>\nTERCEIRA PESSOA, 2020<\/strong><\/h6>\n<p>&nbsp;<\/p>\n<h6><strong>NA IMPRECISA VIS\u00c3O DO VENTO<br \/>\nIMAGEM DE SUSANA PAIVA\u00a0 \/ ENSAIO DE DIOGO MARTINS<br \/>\n64 P\u00c1GINAS | CORES<br \/>\n147 X 210 MM<br \/>\nCAPA MOLE<br \/>\nTERCEIRA PESSOA, 2020<\/strong><\/h6>\n<p>&nbsp;<\/p>\n<h6><strong>BOCA<\/strong><br \/>\n<strong>FOTOGRAFIA DE VALTER VINAGRE\u00a0 \/ ENSAIO DE EUNICE RIBEIRO<\/strong><br \/>\n<strong>76 P\u00c1GINAS | PRETO E BRANCO<br \/>\n147 X 210 MM<br \/>\nCAPA MOLE<br \/>\nTERCEIRA PESSOA, 2020<\/strong><\/h6>\n","protected":false},"excerpt":{"rendered":"<h1 class=\"product_title entry-title\">COLE\u00c7\u00c3O | RASTRO, MARGEM, CLAR\u00c3O<\/h1>\n<p>Se deseja adquirir este artigo por favor envie-nos um e-mail para:<\/p>\n<p>+351\u00a0928 113 326<\/p>\n","protected":false},"featured_media":16626,"comment_status":"open","ping_status":"closed","template":"","meta":[],"product_brand":[],"product_cat":[132],"product_tag":[],"class_list":{"0":"post-17317","1":"product","2":"type-product","3":"status-publish","4":"has-post-thumbnail","6":"product_cat-uncategorized-en","8":"first","9":"outofstock","10":"shipping-taxable","11":"product-type-simple"},"_links":{"self":[{"href":"https:\/\/www.terceirapessoa.pt\/en\/wp-json\/wp\/v2\/product\/17317","targetHints":{"allow":["GET"]}}],"collection":[{"href":"https:\/\/www.terceirapessoa.pt\/en\/wp-json\/wp\/v2\/product"}],"about":[{"href":"https:\/\/www.terceirapessoa.pt\/en\/wp-json\/wp\/v2\/types\/product"}],"replies":[{"embeddable":true,"href":"https:\/\/www.terceirapessoa.pt\/en\/wp-json\/wp\/v2\/comments?post=17317"}],"wp:featuredmedia":[{"embeddable":true,"href":"https:\/\/www.terceirapessoa.pt\/en\/wp-json\/wp\/v2\/media\/16626"}],"wp:attachment":[{"href":"https:\/\/www.terceirapessoa.pt\/en\/wp-json\/wp\/v2\/media?parent=17317"}],"wp:term":[{"taxonomy":"product_brand","embeddable":true,"href":"https:\/\/www.terceirapessoa.pt\/en\/wp-json\/wp\/v2\/product_brand?post=17317"},{"taxonomy":"product_cat","embeddable":true,"href":"https:\/\/www.terceirapessoa.pt\/en\/wp-json\/wp\/v2\/product_cat?post=17317"},{"taxonomy":"product_tag","embeddable":true,"href":"https:\/\/www.terceirapessoa.pt\/en\/wp-json\/wp\/v2\/product_tag?post=17317"}],"curies":[{"name":"wp","href":"https:\/\/api.w.org\/{rel}","templated":true}]}}