{"id":17314,"date":"2024-02-20T20:24:01","date_gmt":"2024-02-20T20:24:01","guid":{"rendered":"https:\/\/beta.terceirapessoa.pt\/product\/qr-code\/"},"modified":"2024-11-05T22:02:13","modified_gmt":"2024-11-05T22:02:13","slug":"qr-code","status":"publish","type":"product","link":"https:\/\/www.terceirapessoa.pt\/en\/product\/qr-code\/","title":{"rendered":"QR CODE"},"content":{"rendered":"<p>OBRAS DE ANA GIL, JO\u00c3O CRIST\u00d3V\u00c3O LEIT\u00c3O, M\u00c1RCIA LAN\u00c7A, MARIA LEONARDO CABRITA, NUNO LE\u00c3O, \u00d3SCAR SILVA, OS ESPACIALISTAS, RUI DIAS, TIAGO MOURA \/ ENSAIO DE DIOGO MARTINS, MANUEL BOGALHEIRO<br \/>\n109 P\u00c1GINAS | CORES<br \/>\n190 X 190 MM<br \/>\nCAPA MOLE<br \/>\nTERCEIRA PESSOA, 2022<\/p>\n","protected":false},"excerpt":{"rendered":"<p>Se deseja adquirir este artigo por favor envie-nos um e-mail para:<\/p>\n<p><a class=\"contacto-loja\" href=\"mailto:terceirapessoa2012@gmail.com\">terceirapessoa2012@gmail.com<\/a><\/p>\n<p>Ou contacte-nos atrav\u00e9s do n\u00famero telef\u00f3nico:<\/p>\n<p>+351\u00a0928 113 326<\/p>\n","protected":false},"featured_media":16627,"comment_status":"open","ping_status":"closed","template":"","meta":[],"product_brand":[],"product_cat":[133],"product_tag":[],"class_list":{"0":"post-17314","1":"product","2":"type-product","3":"status-publish","4":"has-post-thumbnail","6":"product_cat-books-en","8":"first","9":"outofstock","10":"shipping-taxable","11":"product-type-simple"},"_links":{"self":[{"href":"https:\/\/www.terceirapessoa.pt\/en\/wp-json\/wp\/v2\/product\/17314","targetHints":{"allow":["GET"]}}],"collection":[{"href":"https:\/\/www.terceirapessoa.pt\/en\/wp-json\/wp\/v2\/product"}],"about":[{"href":"https:\/\/www.terceirapessoa.pt\/en\/wp-json\/wp\/v2\/types\/product"}],"replies":[{"embeddable":true,"href":"https:\/\/www.terceirapessoa.pt\/en\/wp-json\/wp\/v2\/comments?post=17314"}],"wp:featuredmedia":[{"embeddable":true,"href":"https:\/\/www.terceirapessoa.pt\/en\/wp-json\/wp\/v2\/media\/16627"}],"wp:attachment":[{"href":"https:\/\/www.terceirapessoa.pt\/en\/wp-json\/wp\/v2\/media?parent=17314"}],"wp:term":[{"taxonomy":"product_brand","embeddable":true,"href":"https:\/\/www.terceirapessoa.pt\/en\/wp-json\/wp\/v2\/product_brand?post=17314"},{"taxonomy":"product_cat","embeddable":true,"href":"https:\/\/www.terceirapessoa.pt\/en\/wp-json\/wp\/v2\/product_cat?post=17314"},{"taxonomy":"product_tag","embeddable":true,"href":"https:\/\/www.terceirapessoa.pt\/en\/wp-json\/wp\/v2\/product_tag?post=17314"}],"curies":[{"name":"wp","href":"https:\/\/api.w.org\/{rel}","templated":true}]}}