{"id":17313,"date":"2024-02-20T09:22:39","date_gmt":"2024-02-20T09:22:39","guid":{"rendered":"https:\/\/beta.terceirapessoa.pt\/product\/mouth\/"},"modified":"2024-11-05T15:27:52","modified_gmt":"2024-11-05T15:27:52","slug":"boca","status":"publish","type":"product","link":"https:\/\/www.terceirapessoa.pt\/en\/product\/boca\/","title":{"rendered":"BOCA"},"content":{"rendered":"<p>FOTOGRAFIA DE VALTER VINAGRE\u00a0 \/ ENSAIO DE EUNICE RIBEIRO<br \/>\n76 P\u00c1GINAS | PRETO E BRANCO<br \/>\n147 X 210 MM<br \/>\nCAPA MOLE<br \/>\nTERCEIRA PESSOA, 2020<\/p>\n","protected":false},"excerpt":{"rendered":"<p>FOTOGRAFIA DE VALTER VINAGRE\u00a0 \/ ENSAIO DE EUNICE RIBEIRO<\/p>\n<p>Se deseja adquirir este artigo por favor envie-nos um e-mail para:<\/p>\n<p><a class=\"contacto-loja\" href=\"mailto:terceirapessoa2012@gmail.com\">terceirapessoa2012@gmail.com<\/a><\/p>\n<p>Ou contacte-nos atrav\u00e9s do n\u00famero telef\u00f3nico:<\/p>\n<p>+351\u00a0928 113 326<\/p>\n","protected":false},"featured_media":16607,"comment_status":"open","ping_status":"closed","template":"","meta":[],"product_brand":[],"product_cat":[133],"product_tag":[],"class_list":{"0":"post-17313","1":"product","2":"type-product","3":"status-publish","4":"has-post-thumbnail","6":"product_cat-books-en","8":"first","9":"outofstock","10":"sold-individually","11":"shipping-taxable","12":"product-type-simple"},"_links":{"self":[{"href":"https:\/\/www.terceirapessoa.pt\/en\/wp-json\/wp\/v2\/product\/17313","targetHints":{"allow":["GET"]}}],"collection":[{"href":"https:\/\/www.terceirapessoa.pt\/en\/wp-json\/wp\/v2\/product"}],"about":[{"href":"https:\/\/www.terceirapessoa.pt\/en\/wp-json\/wp\/v2\/types\/product"}],"replies":[{"embeddable":true,"href":"https:\/\/www.terceirapessoa.pt\/en\/wp-json\/wp\/v2\/comments?post=17313"}],"wp:featuredmedia":[{"embeddable":true,"href":"https:\/\/www.terceirapessoa.pt\/en\/wp-json\/wp\/v2\/media\/16607"}],"wp:attachment":[{"href":"https:\/\/www.terceirapessoa.pt\/en\/wp-json\/wp\/v2\/media?parent=17313"}],"wp:term":[{"taxonomy":"product_brand","embeddable":true,"href":"https:\/\/www.terceirapessoa.pt\/en\/wp-json\/wp\/v2\/product_brand?post=17313"},{"taxonomy":"product_cat","embeddable":true,"href":"https:\/\/www.terceirapessoa.pt\/en\/wp-json\/wp\/v2\/product_cat?post=17313"},{"taxonomy":"product_tag","embeddable":true,"href":"https:\/\/www.terceirapessoa.pt\/en\/wp-json\/wp\/v2\/product_tag?post=17313"}],"curies":[{"name":"wp","href":"https:\/\/api.w.org\/{rel}","templated":true}]}}