{"id":17299,"date":"2024-02-19T09:16:21","date_gmt":"2024-02-19T09:16:21","guid":{"rendered":"https:\/\/beta.terceirapessoa.pt\/publications\/"},"modified":"2024-11-01T23:37:13","modified_gmt":"2024-11-01T23:37:13","slug":"publicacoes","status":"publish","type":"page","link":"https:\/\/www.terceirapessoa.pt\/en\/publicacoes\/","title":{"rendered":"Editorial"},"content":{"rendered":"<div class=\"wpb-content-wrapper\"><p>[vc_row css_animation=&#8221;&#8221; row_type=&#8221;row&#8221; use_row_as_full_screen_section=&#8221;no&#8221; type=&#8221;full_width&#8221; angled_section=&#8221;no&#8221; text_align=&#8221;left&#8221; background_image_as_pattern=&#8221;without_pattern&#8221; css=&#8221;.vc_custom_1708461518353{margin-top: 80px !important;margin-bottom: 80px !important;}&#8221; z_index=&#8221;&#8221;][vc_column]<div class=\"qode-pl-holder qode-standard-layout qode-large-space qode-three-columns qode-info-below-image  \"  data-type=\"standard\" data-info-position=\"info-below-image\" data-number-of-posts=\"8\" data-number-of-columns=\"3\" data-space-between-items=\"large\" data-show-ordering-filter=\"no\" data-orderby=\"date\" data-order=\"DESC\" data-show-category-filter=\"yes\" data-show-all-item-in-filter=\"yes\" data-taxonomy-to-display=\"category\" data-image-size=\"shop_catalog\" data-display-title=\"yes\" data-title-tag=\"h4\" data-display-category=\"no\" data-display-excerpt=\"no\" data-excerpt-length=\"20\" data-display-rating=\"yes\" data-display-price=\"yes\" data-holder-classes=\"qode-standard-layout qode-large-space qode-three-columns qode-info-below-image  \" data-class-name=\"pli\">\n\t        <div class=\"qode-pl-categories\">\n    <h6 class=\"qode-pl-categories-label\">Categories<\/h6>\n\t<ul class=\"qode-pl-categories-nonce-holder\" data-nonce=\"9ce64ceea3\">\n        <li><a class=\"qode-no-smooth-transitions active\" data-category=\"\" href=\"#\">All<\/a><\/li><li><a class=\"qode-no-smooth-transitions\" data-category=\"books-en\" href=\"https:\/\/www.terceirapessoa.pt\/en\/product-category\/books-en\/\">books<\/a><\/li><li><a class=\"qode-no-smooth-transitions\" data-category=\"uncategorized-en\" href=\"https:\/\/www.terceirapessoa.pt\/en\/product-category\/uncategorized-en\/\">Uncategorized<\/a><\/li>    <\/ul>\n<\/div>\n                <div class=\"qode-prl-loading\">\n            <span class=\"qode-prl-loading-msg\">Loading...<\/span>\n        <\/div>\n        <div class=\"qode-pl-outer\">\n            <div class=\"qode-pli qode-woo-image-normal-width product type-product post-17544 status-publish first outofstock product_cat-uncategorized-en has-post-thumbnail shipping-taxable product-type-simple\">\n\t<div class=\"qode-pli-inner\">\n\t\t<div class=\"qode-pli-image\">\n\t\t\t\n\n\t<span class=\"qode-pli-out-of-stock\">SOLD<\/span>\n<img loading=\"lazy\" decoding=\"async\" width=\"1351\" height=\"1351\" src=\"https:\/\/www.terceirapessoa.pt\/wp-content\/uploads\/2024\/11\/2Artboard-1-copy-34-100.jpg\" class=\"attachment-shop_catalog size-shop_catalog wp-post-image\" alt=\"\" srcset=\"https:\/\/www.terceirapessoa.pt\/wp-content\/uploads\/2024\/11\/2Artboard-1-copy-34-100.jpg 1351w, https:\/\/www.terceirapessoa.pt\/wp-content\/uploads\/2024\/11\/2Artboard-1-copy-34-100-300x300.jpg 300w, https:\/\/www.terceirapessoa.pt\/wp-content\/uploads\/2024\/11\/2Artboard-1-copy-34-100-1024x1024.jpg 1024w, https:\/\/www.terceirapessoa.pt\/wp-content\/uploads\/2024\/11\/2Artboard-1-copy-34-100-150x150.jpg 150w, https:\/\/www.terceirapessoa.pt\/wp-content\/uploads\/2024\/11\/2Artboard-1-copy-34-100-768x768.jpg 768w, https:\/\/www.terceirapessoa.pt\/wp-content\/uploads\/2024\/11\/2Artboard-1-copy-34-100-570x570.jpg 570w, https:\/\/www.terceirapessoa.pt\/wp-content\/uploads\/2024\/11\/2Artboard-1-copy-34-100-500x500.jpg 500w, https:\/\/www.terceirapessoa.pt\/wp-content\/uploads\/2024\/11\/2Artboard-1-copy-34-100-1000x1000.jpg 1000w, https:\/\/www.terceirapessoa.pt\/wp-content\/uploads\/2024\/11\/2Artboard-1-copy-34-100-700x700.jpg 700w, https:\/\/www.terceirapessoa.pt\/wp-content\/uploads\/2024\/11\/2Artboard-1-copy-34-100-650x650.jpg 650w, https:\/\/www.terceirapessoa.pt\/wp-content\/uploads\/2024\/11\/2Artboard-1-copy-34-100-1300x1300.jpg 1300w, https:\/\/www.terceirapessoa.pt\/wp-content\/uploads\/2024\/11\/2Artboard-1-copy-34-100-600x600.jpg 600w, https:\/\/www.terceirapessoa.pt\/wp-content\/uploads\/2024\/11\/2Artboard-1-copy-34-100-100x100.jpg 100w\" sizes=\"auto, (max-width: 1351px) 100vw, 1351px\" \/>\t\t<\/div>\n\t\t<div class=\"qode-pli-text\">\n\t\t\t<div class=\"qode-pli-text-outer\">\n\t\t\t\t<div class=\"qode-pli-text-inner\">\n\t\t\t\t\t\t\t\t\t<\/div>\n\t\t\t<\/div>\n\t\t<\/div>\n\t\t<a class=\"qode-pli-link\" itemprop=\"url\" href=\"https:\/\/www.terceirapessoa.pt\/en\/product\/anatomia-do-fazer-copia\/\" title=\"ANATOMIA DO FAZER (C\u00f3pia)\"><\/a>\n\t<\/div>\n\t<div class=\"qode-pli-text-wrapper \" >\n\t\t    <h4 itemprop=\"name\" class=\"entry-title qode-pli-title\" >\n\t\t<a itemprop=\"url\" href=\"https:\/\/www.terceirapessoa.pt\/en\/product\/anatomia-do-fazer-copia\/\">ANATOMIA DO FAZER (C\u00f3pia)<\/a>\n\t<\/h4>\n\t\t\n\t\t\t\t\n\t\t\t\t\n\t\t\t\n\t<div class=\"qode-pli-rating-holder\">\n\t\t<div class=\"qode-pli-rating\" title=\"Rated %s out of 5\">\n\t\t\t<span style=\"width: 0%\"><\/span>\n\t\t<\/div>\n\t<\/div>\n\t\t\n\t\t\n\t\t\t\n\t<div class=\"qode-pli-add-to-cart\">\n\t\t<a rel=\"nofollow\" href=\"https:\/\/www.terceirapessoa.pt\/en\/product\/anatomia-do-fazer-copia\/\" data-quantity=\"1\" data-product_id=\"17544\" data-product_sku=\"\" class=\"ajax_add_to_cart qode-button qode-read-more-button\">Read more<\/a>\t<\/div>\t<\/div>\n<\/div><div class=\"qode-pli qode-woo-image-normal-width product type-product post-17312 status-publish outofstock product_cat-uncategorized-en has-post-thumbnail shipping-taxable product-type-simple\">\n\t<div class=\"qode-pli-inner\">\n\t\t<div class=\"qode-pli-image\">\n\t\t\t\n\n\t<span class=\"qode-pli-out-of-stock\">SOLD<\/span>\n<img loading=\"lazy\" decoding=\"async\" width=\"1200\" height=\"1600\" src=\"https:\/\/www.terceirapessoa.pt\/wp-content\/uploads\/2024\/02\/imagem-AdF.jpeg\" class=\"attachment-shop_catalog size-shop_catalog wp-post-image\" alt=\"\" srcset=\"https:\/\/www.terceirapessoa.pt\/wp-content\/uploads\/2024\/02\/imagem-AdF.jpeg 1200w, https:\/\/www.terceirapessoa.pt\/wp-content\/uploads\/2024\/02\/imagem-AdF-600x800.jpeg 600w, https:\/\/www.terceirapessoa.pt\/wp-content\/uploads\/2024\/02\/imagem-AdF-225x300.jpeg 225w, https:\/\/www.terceirapessoa.pt\/wp-content\/uploads\/2024\/02\/imagem-AdF-768x1024.jpeg 768w, https:\/\/www.terceirapessoa.pt\/wp-content\/uploads\/2024\/02\/imagem-AdF-1152x1536.jpeg 1152w, https:\/\/www.terceirapessoa.pt\/wp-content\/uploads\/2024\/02\/imagem-AdF-700x933.jpeg 700w\" sizes=\"auto, (max-width: 1200px) 100vw, 1200px\" \/>\t\t<\/div>\n\t\t<div class=\"qode-pli-text\">\n\t\t\t<div class=\"qode-pli-text-outer\">\n\t\t\t\t<div class=\"qode-pli-text-inner\">\n\t\t\t\t\t\t\t\t\t<\/div>\n\t\t\t<\/div>\n\t\t<\/div>\n\t\t<a class=\"qode-pli-link\" itemprop=\"url\" href=\"https:\/\/www.terceirapessoa.pt\/en\/product\/anatomia-do-fazer\/\" title=\"ANATOMIA DO FAZER\"><\/a>\n\t<\/div>\n\t<div class=\"qode-pli-text-wrapper \" >\n\t\t    <h4 itemprop=\"name\" class=\"entry-title qode-pli-title\" >\n\t\t<a itemprop=\"url\" href=\"https:\/\/www.terceirapessoa.pt\/en\/product\/anatomia-do-fazer\/\">ANATOMIA DO FAZER<\/a>\n\t<\/h4>\n\t\t\n\t\t\t\t\n\t\t\t\t\n\t\t\t\n\t<div class=\"qode-pli-rating-holder\">\n\t\t<div class=\"qode-pli-rating\" title=\"Rated %s out of 5\">\n\t\t\t<span style=\"width: 0%\"><\/span>\n\t\t<\/div>\n\t<\/div>\n\t\t\n\t\t\n\t\t\t\n\t<div class=\"qode-pli-add-to-cart\">\n\t\t<a rel=\"nofollow\" href=\"https:\/\/www.terceirapessoa.pt\/en\/product\/anatomia-do-fazer\/\" data-quantity=\"1\" data-product_id=\"17312\" data-product_sku=\"\" class=\"ajax_add_to_cart qode-button qode-read-more-button\">Read more<\/a>\t<\/div>\t<\/div>\n<\/div><div class=\"qode-pli qode-woo-image-normal-width product type-product post-17314 status-publish outofstock product_cat-books-en has-post-thumbnail shipping-taxable product-type-simple\">\n\t<div class=\"qode-pli-inner\">\n\t\t<div class=\"qode-pli-image\">\n\t\t\t\n\n\t<span class=\"qode-pli-out-of-stock\">SOLD<\/span>\n<img loading=\"lazy\" decoding=\"async\" width=\"944\" height=\"946\" src=\"https:\/\/www.terceirapessoa.pt\/wp-content\/uploads\/2024\/02\/QR_01.png\" class=\"attachment-shop_catalog size-shop_catalog wp-post-image\" alt=\"\" srcset=\"https:\/\/www.terceirapessoa.pt\/wp-content\/uploads\/2024\/02\/QR_01.png 944w, https:\/\/www.terceirapessoa.pt\/wp-content\/uploads\/2024\/02\/QR_01-300x300.png 300w, https:\/\/www.terceirapessoa.pt\/wp-content\/uploads\/2024\/02\/QR_01-100x100.png 100w, https:\/\/www.terceirapessoa.pt\/wp-content\/uploads\/2024\/02\/QR_01-600x601.png 600w, https:\/\/www.terceirapessoa.pt\/wp-content\/uploads\/2024\/02\/QR_01-150x150.png 150w, https:\/\/www.terceirapessoa.pt\/wp-content\/uploads\/2024\/02\/QR_01-768x770.png 768w, https:\/\/www.terceirapessoa.pt\/wp-content\/uploads\/2024\/02\/QR_01-570x570.png 570w, https:\/\/www.terceirapessoa.pt\/wp-content\/uploads\/2024\/02\/QR_01-500x500.png 500w, https:\/\/www.terceirapessoa.pt\/wp-content\/uploads\/2024\/02\/QR_01-700x701.png 700w\" sizes=\"auto, (max-width: 944px) 100vw, 944px\" \/>\t\t<\/div>\n\t\t<div class=\"qode-pli-text\">\n\t\t\t<div class=\"qode-pli-text-outer\">\n\t\t\t\t<div class=\"qode-pli-text-inner\">\n\t\t\t\t\t\t\t\t\t<\/div>\n\t\t\t<\/div>\n\t\t<\/div>\n\t\t<a class=\"qode-pli-link\" itemprop=\"url\" href=\"https:\/\/www.terceirapessoa.pt\/en\/product\/qr-code\/\" title=\"QR CODE\"><\/a>\n\t<\/div>\n\t<div class=\"qode-pli-text-wrapper \" >\n\t\t    <h4 itemprop=\"name\" class=\"entry-title qode-pli-title\" >\n\t\t<a itemprop=\"url\" href=\"https:\/\/www.terceirapessoa.pt\/en\/product\/qr-code\/\">QR CODE<\/a>\n\t<\/h4>\n\t\t\n\t\t\t\t\n\t\t\t\t\n\t\t\t\n\t<div class=\"qode-pli-rating-holder\">\n\t\t<div class=\"qode-pli-rating\" title=\"Rated %s out of 5\">\n\t\t\t<span style=\"width: 0%\"><\/span>\n\t\t<\/div>\n\t<\/div>\n\t\t\n\t\t\n\t\t\t\n\t<div class=\"qode-pli-add-to-cart\">\n\t\t<a rel=\"nofollow\" href=\"https:\/\/www.terceirapessoa.pt\/en\/product\/qr-code\/\" data-quantity=\"1\" data-product_id=\"17314\" data-product_sku=\"\" class=\"ajax_add_to_cart qode-button qode-read-more-button\">Read more<\/a>\t<\/div>\t<\/div>\n<\/div><div class=\"qode-pli qode-woo-image-normal-width product type-product post-17317 status-publish last outofstock product_cat-uncategorized-en has-post-thumbnail shipping-taxable product-type-simple\">\n\t<div class=\"qode-pli-inner\">\n\t\t<div class=\"qode-pli-image\">\n\t\t\t\n\n\t<span class=\"qode-pli-out-of-stock\">SOLD<\/span>\n<img loading=\"lazy\" decoding=\"async\" width=\"1062\" height=\"1069\" src=\"https:\/\/www.terceirapessoa.pt\/wp-content\/uploads\/2024\/02\/colecao.png\" class=\"attachment-shop_catalog size-shop_catalog wp-post-image\" alt=\"\" srcset=\"https:\/\/www.terceirapessoa.pt\/wp-content\/uploads\/2024\/02\/colecao.png 1062w, https:\/\/www.terceirapessoa.pt\/wp-content\/uploads\/2024\/02\/colecao-100x100.png 100w, https:\/\/www.terceirapessoa.pt\/wp-content\/uploads\/2024\/02\/colecao-600x604.png 600w, https:\/\/www.terceirapessoa.pt\/wp-content\/uploads\/2024\/02\/colecao-298x300.png 298w, https:\/\/www.terceirapessoa.pt\/wp-content\/uploads\/2024\/02\/colecao-1017x1024.png 1017w, https:\/\/www.terceirapessoa.pt\/wp-content\/uploads\/2024\/02\/colecao-150x150.png 150w, https:\/\/www.terceirapessoa.pt\/wp-content\/uploads\/2024\/02\/colecao-768x773.png 768w, https:\/\/www.terceirapessoa.pt\/wp-content\/uploads\/2024\/02\/colecao-700x705.png 700w\" sizes=\"auto, (max-width: 1062px) 100vw, 1062px\" \/>\t\t<\/div>\n\t\t<div class=\"qode-pli-text\">\n\t\t\t<div class=\"qode-pli-text-outer\">\n\t\t\t\t<div class=\"qode-pli-text-inner\">\n\t\t\t\t\t\t\t\t\t<\/div>\n\t\t\t<\/div>\n\t\t<\/div>\n\t\t<a class=\"qode-pli-link\" itemprop=\"url\" href=\"https:\/\/www.terceirapessoa.pt\/en\/product\/colecao-rastromargemclarao\/\" title=\"COLE\u00c7\u00c3O | RASTRO, MARGEM, CLAR\u00c3O\"><\/a>\n\t<\/div>\n\t<div class=\"qode-pli-text-wrapper \" >\n\t\t    <h4 itemprop=\"name\" class=\"entry-title qode-pli-title\" >\n\t\t<a itemprop=\"url\" href=\"https:\/\/www.terceirapessoa.pt\/en\/product\/colecao-rastromargemclarao\/\">COLE\u00c7\u00c3O | RASTRO, MARGEM, CLAR\u00c3O<\/a>\n\t<\/h4>\n\t\t\n\t\t\t\t\n\t\t\t\t\n\t\t\t\n\t<div class=\"qode-pli-rating-holder\">\n\t\t<div class=\"qode-pli-rating\" title=\"Rated %s out of 5\">\n\t\t\t<span style=\"width: 0%\"><\/span>\n\t\t<\/div>\n\t<\/div>\n\t\t\n\t\t\n\t\t\t\n\t<div class=\"qode-pli-add-to-cart\">\n\t\t<a rel=\"nofollow\" href=\"https:\/\/www.terceirapessoa.pt\/en\/product\/colecao-rastromargemclarao\/\" data-quantity=\"1\" data-product_id=\"17317\" data-product_sku=\"\" class=\"ajax_add_to_cart qode-button qode-read-more-button\">Read more<\/a>\t<\/div>\t<\/div>\n<\/div><div class=\"qode-pli qode-woo-image-normal-width product type-product post-17319 status-publish first instock product_cat-books-en has-post-thumbnail shipping-taxable product-type-simple\">\n\t<div class=\"qode-pli-inner\">\n\t\t<div class=\"qode-pli-image\">\n\t\t\t\n\n<img loading=\"lazy\" decoding=\"async\" width=\"1066\" height=\"1070\" src=\"https:\/\/www.terceirapessoa.pt\/wp-content\/uploads\/2024\/02\/NIVDV_01.png\" class=\"attachment-shop_catalog size-shop_catalog wp-post-image\" alt=\"\" srcset=\"https:\/\/www.terceirapessoa.pt\/wp-content\/uploads\/2024\/02\/NIVDV_01.png 1066w, https:\/\/www.terceirapessoa.pt\/wp-content\/uploads\/2024\/02\/NIVDV_01-300x300.png 300w, https:\/\/www.terceirapessoa.pt\/wp-content\/uploads\/2024\/02\/NIVDV_01-100x100.png 100w, https:\/\/www.terceirapessoa.pt\/wp-content\/uploads\/2024\/02\/NIVDV_01-600x602.png 600w, https:\/\/www.terceirapessoa.pt\/wp-content\/uploads\/2024\/02\/NIVDV_01-1020x1024.png 1020w, https:\/\/www.terceirapessoa.pt\/wp-content\/uploads\/2024\/02\/NIVDV_01-150x150.png 150w, https:\/\/www.terceirapessoa.pt\/wp-content\/uploads\/2024\/02\/NIVDV_01-768x771.png 768w, https:\/\/www.terceirapessoa.pt\/wp-content\/uploads\/2024\/02\/NIVDV_01-700x703.png 700w\" sizes=\"auto, (max-width: 1066px) 100vw, 1066px\" \/>\t\t<\/div>\n\t\t<div class=\"qode-pli-text\">\n\t\t\t<div class=\"qode-pli-text-outer\">\n\t\t\t\t<div class=\"qode-pli-text-inner\">\n\t\t\t\t\t\t\t\t\t<\/div>\n\t\t\t<\/div>\n\t\t<\/div>\n\t\t<a class=\"qode-pli-link\" itemprop=\"url\" href=\"https:\/\/www.terceirapessoa.pt\/en\/product\/na-imprecisa-visao-do-vento\/\" title=\"NA IMPRECISA VIS\u00c3O DO VENTO\"><\/a>\n\t<\/div>\n\t<div class=\"qode-pli-text-wrapper \" >\n\t\t    <h4 itemprop=\"name\" class=\"entry-title qode-pli-title\" >\n\t\t<a itemprop=\"url\" href=\"https:\/\/www.terceirapessoa.pt\/en\/product\/na-imprecisa-visao-do-vento\/\">NA IMPRECISA VIS\u00c3O DO VENTO<\/a>\n\t<\/h4>\n\t\t\n\t\t\t\t\n\t\t\t\t\n\t\t\t\n\t<div class=\"qode-pli-rating-holder\">\n\t\t<div class=\"qode-pli-rating\" title=\"Rated %s out of 5\">\n\t\t\t<span style=\"width: 0%\"><\/span>\n\t\t<\/div>\n\t<\/div>\n\t\t\n\t\t\n\t\t\t\n\t<div class=\"qode-pli-add-to-cart\">\n\t\t<a rel=\"nofollow\" href=\"https:\/\/www.terceirapessoa.pt\/en\/product\/na-imprecisa-visao-do-vento\/\" data-quantity=\"1\" data-product_id=\"17319\" data-product_sku=\"\" class=\"add_to_cart_button ajax_add_to_cart qode-button\">Read more<\/a>\t<\/div>\t<\/div>\n<\/div><div class=\"qode-pli qode-woo-image-normal-width product type-product post-17321 status-publish outofstock product_cat-books-en has-post-thumbnail shipping-taxable product-type-simple\">\n\t<div class=\"qode-pli-inner\">\n\t\t<div class=\"qode-pli-image\">\n\t\t\t\n\n\t<span class=\"qode-pli-out-of-stock\">SOLD<\/span>\n<img loading=\"lazy\" decoding=\"async\" width=\"2560\" height=\"2560\" src=\"https:\/\/www.terceirapessoa.pt\/wp-content\/uploads\/2024\/02\/01-scaled.jpg\" class=\"attachment-shop_catalog size-shop_catalog wp-post-image\" alt=\"\" srcset=\"https:\/\/www.terceirapessoa.pt\/wp-content\/uploads\/2024\/02\/01-scaled.jpg 2560w, https:\/\/www.terceirapessoa.pt\/wp-content\/uploads\/2024\/02\/01-300x300.jpg 300w, https:\/\/www.terceirapessoa.pt\/wp-content\/uploads\/2024\/02\/01-scaled-100x100.jpg 100w, https:\/\/www.terceirapessoa.pt\/wp-content\/uploads\/2024\/02\/01-scaled-600x600.jpg 600w, https:\/\/www.terceirapessoa.pt\/wp-content\/uploads\/2024\/02\/01-1024x1024.jpg 1024w, https:\/\/www.terceirapessoa.pt\/wp-content\/uploads\/2024\/02\/01-150x150.jpg 150w, https:\/\/www.terceirapessoa.pt\/wp-content\/uploads\/2024\/02\/01-768x768.jpg 768w, https:\/\/www.terceirapessoa.pt\/wp-content\/uploads\/2024\/02\/01-1536x1536.jpg 1536w, https:\/\/www.terceirapessoa.pt\/wp-content\/uploads\/2024\/02\/01-2048x2048.jpg 2048w, https:\/\/www.terceirapessoa.pt\/wp-content\/uploads\/2024\/02\/01-570x570.jpg 570w, https:\/\/www.terceirapessoa.pt\/wp-content\/uploads\/2024\/02\/01-500x500.jpg 500w, https:\/\/www.terceirapessoa.pt\/wp-content\/uploads\/2024\/02\/01-1000x1000.jpg 1000w, https:\/\/www.terceirapessoa.pt\/wp-content\/uploads\/2024\/02\/01-700x700.jpg 700w\" sizes=\"auto, (max-width: 2560px) 100vw, 2560px\" \/>\t\t<\/div>\n\t\t<div class=\"qode-pli-text\">\n\t\t\t<div class=\"qode-pli-text-outer\">\n\t\t\t\t<div class=\"qode-pli-text-inner\">\n\t\t\t\t\t\t\t\t\t<\/div>\n\t\t\t<\/div>\n\t\t<\/div>\n\t\t<a class=\"qode-pli-link\" itemprop=\"url\" href=\"https:\/\/www.terceirapessoa.pt\/en\/product\/basta-que-um-passaro-voe\/\" title=\"BASTA QUE UM P\u00c1SSARO VOE\"><\/a>\n\t<\/div>\n\t<div class=\"qode-pli-text-wrapper \" >\n\t\t    <h4 itemprop=\"name\" class=\"entry-title qode-pli-title\" >\n\t\t<a itemprop=\"url\" href=\"https:\/\/www.terceirapessoa.pt\/en\/product\/basta-que-um-passaro-voe\/\">BASTA QUE UM P\u00c1SSARO VOE<\/a>\n\t<\/h4>\n\t\t\n\t\t\t\t\n\t\t\t\t\n\t\t\t\n\t<div class=\"qode-pli-rating-holder\">\n\t\t<div class=\"qode-pli-rating\" title=\"Rated %s out of 5\">\n\t\t\t<span style=\"width: 0%\"><\/span>\n\t\t<\/div>\n\t<\/div>\n\t\t\n\t\t\n\t\t\t\n\t<div class=\"qode-pli-add-to-cart\">\n\t\t<a rel=\"nofollow\" href=\"https:\/\/www.terceirapessoa.pt\/en\/product\/basta-que-um-passaro-voe\/\" data-quantity=\"1\" data-product_id=\"17321\" data-product_sku=\"\" class=\"ajax_add_to_cart qode-button qode-read-more-button\">Read more<\/a>\t<\/div>\t<\/div>\n<\/div><div class=\"qode-pli qode-woo-image-normal-width product type-product post-17313 status-publish outofstock product_cat-books-en has-post-thumbnail sold-individually shipping-taxable product-type-simple\">\n\t<div class=\"qode-pli-inner\">\n\t\t<div class=\"qode-pli-image\">\n\t\t\t\n\n\t<span class=\"qode-pli-out-of-stock\">SOLD<\/span>\n<img loading=\"lazy\" decoding=\"async\" width=\"700\" height=\"700\" src=\"https:\/\/www.terceirapessoa.pt\/wp-content\/uploads\/2024\/02\/Boca_livro_web-700x700-1.jpg\" class=\"attachment-shop_catalog size-shop_catalog wp-post-image\" alt=\"\" srcset=\"https:\/\/www.terceirapessoa.pt\/wp-content\/uploads\/2024\/02\/Boca_livro_web-700x700-1.jpg 700w, https:\/\/www.terceirapessoa.pt\/wp-content\/uploads\/2024\/02\/Boca_livro_web-700x700-1-300x300.jpg 300w, https:\/\/www.terceirapessoa.pt\/wp-content\/uploads\/2024\/02\/Boca_livro_web-700x700-1-100x100.jpg 100w, https:\/\/www.terceirapessoa.pt\/wp-content\/uploads\/2024\/02\/Boca_livro_web-700x700-1-600x600.jpg 600w, https:\/\/www.terceirapessoa.pt\/wp-content\/uploads\/2024\/02\/Boca_livro_web-700x700-1-150x150.jpg 150w, https:\/\/www.terceirapessoa.pt\/wp-content\/uploads\/2024\/02\/Boca_livro_web-700x700-1-570x570.jpg 570w, https:\/\/www.terceirapessoa.pt\/wp-content\/uploads\/2024\/02\/Boca_livro_web-700x700-1-500x500.jpg 500w\" sizes=\"auto, (max-width: 700px) 100vw, 700px\" \/>\t\t<\/div>\n\t\t<div class=\"qode-pli-text\">\n\t\t\t<div class=\"qode-pli-text-outer\">\n\t\t\t\t<div class=\"qode-pli-text-inner\">\n\t\t\t\t\t\t\t\t\t<\/div>\n\t\t\t<\/div>\n\t\t<\/div>\n\t\t<a class=\"qode-pli-link\" itemprop=\"url\" href=\"https:\/\/www.terceirapessoa.pt\/en\/product\/boca\/\" title=\"BOCA\"><\/a>\n\t<\/div>\n\t<div class=\"qode-pli-text-wrapper \" >\n\t\t    <h4 itemprop=\"name\" class=\"entry-title qode-pli-title\" >\n\t\t<a itemprop=\"url\" href=\"https:\/\/www.terceirapessoa.pt\/en\/product\/boca\/\">BOCA<\/a>\n\t<\/h4>\n\t\t\n\t\t\t\t\n\t\t\t\t\n\t\t\t\n\t<div class=\"qode-pli-rating-holder\">\n\t\t<div class=\"qode-pli-rating\" title=\"Rated %s out of 5\">\n\t\t\t<span style=\"width: 0%\"><\/span>\n\t\t<\/div>\n\t<\/div>\n\t\t\n\t\t\n\t\t\t\n\t<div class=\"qode-pli-add-to-cart\">\n\t\t<a rel=\"nofollow\" href=\"https:\/\/www.terceirapessoa.pt\/en\/product\/boca\/\" data-quantity=\"1\" data-product_id=\"17313\" data-product_sku=\"\" class=\"ajax_add_to_cart qode-button qode-read-more-button\">Read more<\/a>\t<\/div>\t<\/div>\n<\/div>        <\/div>\n    <\/div>[\/vc_column][\/vc_row]<\/p>\n<\/div>","protected":false},"excerpt":{"rendered":"<p>[vc_row css_animation=&#8221;&#8221; row_type=&#8221;row&#8221; use_row_as_full_screen_section=&#8221;no&#8221; type=&#8221;full_width&#8221; angled_section=&#8221;no&#8221; text_align=&#8221;left&#8221; background_image_as_pattern=&#8221;without_pattern&#8221; css=&#8221;.vc_custom_1708461518353{margin-top: 80px !important;margin-bottom: 80px !important;}&#8221; z_index=&#8221;&#8221;][vc_column][\/vc_column][\/vc_row]<\/p>\n","protected":false},"author":1,"featured_media":0,"parent":0,"menu_order":0,"comment_status":"closed","ping_status":"closed","template":"","meta":{"footnotes":""},"class_list":["post-17299","page","type-page","status-publish","hentry"],"_links":{"self":[{"href":"https:\/\/www.terceirapessoa.pt\/en\/wp-json\/wp\/v2\/pages\/17299","targetHints":{"allow":["GET"]}}],"collection":[{"href":"https:\/\/www.terceirapessoa.pt\/en\/wp-json\/wp\/v2\/pages"}],"about":[{"href":"https:\/\/www.terceirapessoa.pt\/en\/wp-json\/wp\/v2\/types\/page"}],"author":[{"embeddable":true,"href":"https:\/\/www.terceirapessoa.pt\/en\/wp-json\/wp\/v2\/users\/1"}],"replies":[{"embeddable":true,"href":"https:\/\/www.terceirapessoa.pt\/en\/wp-json\/wp\/v2\/comments?post=17299"}],"version-history":[{"count":4,"href":"https:\/\/www.terceirapessoa.pt\/en\/wp-json\/wp\/v2\/pages\/17299\/revisions"}],"predecessor-version":[{"id":17422,"href":"https:\/\/www.terceirapessoa.pt\/en\/wp-json\/wp\/v2\/pages\/17299\/revisions\/17422"}],"wp:attachment":[{"href":"https:\/\/www.terceirapessoa.pt\/en\/wp-json\/wp\/v2\/media?parent=17299"}],"curies":[{"name":"wp","href":"https:\/\/api.w.org\/{rel}","templated":true}]}}